{"id":1120,"date":"2025-02-26T16:31:16","date_gmt":"2025-02-26T16:31:16","guid":{"rendered":"https:\/\/www.iridec.cl\/web2\/?page_id=1120"},"modified":"2025-02-26T16:37:34","modified_gmt":"2025-02-26T16:37:34","slug":"presentacion","status":"publish","type":"page","link":"https:\/\/www.iridec.cl\/web2\/?page_id=1120","title":{"rendered":"Presentaci\u00f3n"},"content":{"rendered":"\t\t<div data-elementor-type=\"wp-page\" data-elementor-id=\"1120\" class=\"elementor elementor-1120\" data-elementor-settings=\"[]\">\n\t\t\t\t\t\t\t<div class=\"elementor-section-wrap\">\n\t\t\t\t\t\t\t<section class=\"elementor-section elementor-top-section elementor-element elementor-element-510ecc78 elementor-section-boxed elementor-section-height-default elementor-section-height-default\" data-id=\"510ecc78\" data-element_type=\"section\">\n\t\t\t\t\t\t<div class=\"elementor-container elementor-column-gap-default\">\n\t\t\t\t\t<div class=\"elementor-column elementor-col-100 elementor-top-column elementor-element elementor-element-3e878415\" data-id=\"3e878415\" data-element_type=\"column\">\n\t\t\t<div class=\"elementor-widget-wrap elementor-element-populated\">\n\t\t\t\t\t\t\t\t<div class=\"elementor-element elementor-element-19ffd4fc elementor-widget elementor-widget-text-editor\" data-id=\"19ffd4fc\" data-element_type=\"widget\" data-widget_type=\"text-editor.default\">\n\t\t\t\t<div class=\"elementor-widget-container\">\n\t\t\t<style>\/*! elementor - v3.5.3 - 28-12-2021 *\/\n.elementor-widget-text-editor.elementor-drop-cap-view-stacked .elementor-drop-cap{background-color:#818a91;color:#fff}.elementor-widget-text-editor.elementor-drop-cap-view-framed .elementor-drop-cap{color:#818a91;border:3px solid;background-color:transparent}.elementor-widget-text-editor:not(.elementor-drop-cap-view-default) .elementor-drop-cap{margin-top:8px}.elementor-widget-text-editor:not(.elementor-drop-cap-view-default) .elementor-drop-cap-letter{width:1em;height:1em}.elementor-widget-text-editor .elementor-drop-cap{float:left;text-align:center;line-height:1;font-size:50px}.elementor-widget-text-editor .elementor-drop-cap-letter{display:inline-block}<\/style>\t\t\t\t<!-- wp:heading {\"level\":3} -->\n<h3><strong>Optimiza la gesti\u00f3n de pagos de tu instituci\u00f3n con un equipo especializado en educaci\u00f3n<\/strong><\/h3>\n<!-- \/wp:heading -->\n\n<!-- wp:paragraph -->\n<p>En Iridec Ltda., nos dedicamos a la <strong>gesti\u00f3n y recaudaci\u00f3n de pagos<\/strong> para instituciones educacionales en Chile, asegurando procesos eficientes, confiables y adaptados a las necesidades del sector. Contamos con un <strong>amplio conocimiento del mercado educacional<\/strong>, lo que nos permite ofrecer un servicio optimizado que facilita la administraci\u00f3n financiera de colegios, institutos y universidades.<\/p>\n<!-- \/wp:paragraph -->\n\n<!-- wp:paragraph -->\n<p>Nuestra experiencia nos permite <strong>maximizar la recaudaci\u00f3n y reducir la morosidad<\/strong>, brindando herramientas y soluciones digitales que mejoran la relaci\u00f3n con los estudiantes y apoderados. Nos encargamos de todo el proceso, desde la gesti\u00f3n de cobros hasta la automatizaci\u00f3n de pagos, para que tu instituci\u00f3n pueda enfocarse en lo m\u00e1s importante: la educaci\u00f3n.<\/p>\n<!-- \/wp:paragraph -->\n\n<!-- wp:paragraph -->\n<p>Conf\u00eda en nosotros para una <strong>gesti\u00f3n de pagos eficiente, segura y sin complicaciones<\/strong>. Cont\u00e1ctanos y descubre c\u00f3mo podemos ayudarte a mejorar la administraci\u00f3n financiera de tu instituci\u00f3n.<\/p>\n<!-- \/wp:paragraph -->\n\n<!-- wp:paragraph -->\n<p>Cualquier duda o consulta escribir a informaciones@iridec.cl<\/p>\n<!-- \/wp:paragraph -->\t\t\t\t\t\t<\/div>\n\t\t\t\t<\/div>\n\t\t\t\t\t<\/div>\n\t\t<\/div>\n\t\t\t\t\t\t\t<\/div>\n\t\t<\/section>\n\t\t\t\t\t\t<\/div>\n\t\t\t\t\t<\/div>\n\t\t","protected":false},"excerpt":{"rendered":"<p>Optimiza la gesti\u00f3n de pagos de tu instituci\u00f3n con un equipo especializado en educaci\u00f3n En Iridec Ltda., nos dedicamos a la gesti\u00f3n y recaudaci\u00f3n de pagos para instituciones educacionales en Chile, asegurando procesos eficientes, confiables y adaptados a las necesidades del sector. Contamos con un amplio conocimiento del mercado educacional, lo que nos permite ofrecer&hellip; <br \/> <a class=\"read-more\" href=\"https:\/\/www.iridec.cl\/web2\/?page_id=1120\">Leer m\u00e1s<\/a><\/p>\n","protected":false},"author":1,"featured_media":0,"parent":0,"menu_order":0,"comment_status":"closed","ping_status":"closed","template":"","meta":[],"_links":{"self":[{"href":"https:\/\/www.iridec.cl\/web2\/index.php?rest_route=\/wp\/v2\/pages\/1120"}],"collection":[{"href":"https:\/\/www.iridec.cl\/web2\/index.php?rest_route=\/wp\/v2\/pages"}],"about":[{"href":"https:\/\/www.iridec.cl\/web2\/index.php?rest_route=\/wp\/v2\/types\/page"}],"author":[{"embeddable":true,"href":"https:\/\/www.iridec.cl\/web2\/index.php?rest_route=\/wp\/v2\/users\/1"}],"replies":[{"embeddable":true,"href":"https:\/\/www.iridec.cl\/web2\/index.php?rest_route=%2Fwp%2Fv2%2Fcomments&post=1120"}],"version-history":[{"count":4,"href":"https:\/\/www.iridec.cl\/web2\/index.php?rest_route=\/wp\/v2\/pages\/1120\/revisions"}],"predecessor-version":[{"id":1127,"href":"https:\/\/www.iridec.cl\/web2\/index.php?rest_route=\/wp\/v2\/pages\/1120\/revisions\/1127"}],"wp:attachment":[{"href":"https:\/\/www.iridec.cl\/web2\/index.php?rest_route=%2Fwp%2Fv2%2Fmedia&parent=1120"}],"curies":[{"name":"wp","href":"https:\/\/api.w.org\/{rel}","templated":true}]}}